{"id":34,"date":"2017-02-08T17:30:36","date_gmt":"2017-02-08T22:30:36","guid":{"rendered":"http:\/\/www.solara-hosiery.com\/?page_id=34"},"modified":"2017-03-13T17:04:09","modified_gmt":"2017-03-13T22:04:09","slug":"feature-5","status":"publish","type":"page","link":"https:\/\/www.solara-hosiery.com\/es\/feature-5\/","title":{"rendered":"R\u00e1pido y Flexible Time-To-Market"},"content":{"rendered":"","protected":false},"excerpt":{"rendered":"<p>&#8211; Plazos m\u00e1s cortos: Nuestra cadena de valor textil completamente desarrollada garantiza un plazo de producci\u00f3n m\u00e1s corto y un tiempo medio de entrega de los proveedores intermedios reducido.<br \/>\n&#8211; Flexibilidad en la clasificaci\u00f3n y programaci\u00f3n de lotes: Nuestras flexibles operaciones de producci\u00f3n permiten a nuestros clientes mantener el menor inventario posible, tiempos de ciclo de reposici\u00f3n cortos y un volumen de inventario bien gestionado.<\/p>\n","protected":false},"author":1,"featured_media":0,"parent":0,"menu_order":0,"comment_status":"closed","ping_status":"closed","template":"","meta":{"footnotes":""},"class_list":["post-34","page","type-page","status-publish","hentry"],"jetpack_sharing_enabled":true,"_links":{"self":[{"href":"https:\/\/www.solara-hosiery.com\/es\/wp-json\/wp\/v2\/pages\/34","targetHints":{"allow":["GET"]}}],"collection":[{"href":"https:\/\/www.solara-hosiery.com\/es\/wp-json\/wp\/v2\/pages"}],"about":[{"href":"https:\/\/www.solara-hosiery.com\/es\/wp-json\/wp\/v2\/types\/page"}],"author":[{"embeddable":true,"href":"https:\/\/www.solara-hosiery.com\/es\/wp-json\/wp\/v2\/users\/1"}],"replies":[{"embeddable":true,"href":"https:\/\/www.solara-hosiery.com\/es\/wp-json\/wp\/v2\/comments?post=34"}],"version-history":[{"count":13,"href":"https:\/\/www.solara-hosiery.com\/es\/wp-json\/wp\/v2\/pages\/34\/revisions"}],"predecessor-version":[{"id":286,"href":"https:\/\/www.solara-hosiery.com\/es\/wp-json\/wp\/v2\/pages\/34\/revisions\/286"}],"wp:attachment":[{"href":"https:\/\/www.solara-hosiery.com\/es\/wp-json\/wp\/v2\/media?parent=34"}],"curies":[{"name":"wp","href":"https:\/\/api.w.org\/{rel}","templated":true}]}}