{"id":10,"date":"2017-02-08T17:14:52","date_gmt":"2017-02-08T22:14:52","guid":{"rendered":"http:\/\/www.solara-hosiery.com\/?page_id=10"},"modified":"2017-05-02T10:15:52","modified_gmt":"2017-05-02T15:15:52","slug":"about-us","status":"publish","type":"page","link":"https:\/\/www.solara-hosiery.com\/es\/about-us\/","title":{"rendered":"La fuerza de Solara reside en el conocimiento colectivo y la motivaci\u00f3n de nuestro equipo de colaboradores con m\u00e1s de 20 a\u00f1os de experiencia y atendiendo a las marcas de calceter\u00eda m\u00e1s exclusivas del mundo."},"content":{"rendered":"<p><\/p>\n<p>\n\tBienvenido a Solara, una empresa peruana l\u00edder dedicada al desarrollo y producci\u00f3n de calceter\u00eda de alta calidad. La fuerza de Solara reside en el conocimiento colectivo y la motivaci\u00f3n de nuestro equipo de colaboradores. A partir de los principales que tienen m\u00e1s de 20 a\u00f1os de experiencia en la fabricaci\u00f3n de diferentes hilos, al conocimiento acumulado de nuestros dise\u00f1adores, mec\u00e1nicos, ingenieros electr\u00f3nicos y personal de producci\u00f3n. El equipo de Solara es cohesionado y muy motivado para proporcionar a nuestros clientes un nivel de servicio que consideramos el mejor en la industria. Solara es una empresa manufacturera de calcetines de gama alta para los mercados internacionales. Nuestros servicios responden a las necesidades espec\u00edficas de nuestros clientes. Solara exhibe una variedad de productos adecuados para las necesidades de cada cliente. La continua b\u00fasqueda de satisfacci\u00f3n total del cliente nos ha llevado a estar siempre un paso adelante, ofreciendo soluciones profesionales, adaptadas a sus necesidades \u00fanicas.\n<\/p>\n<p><\/p>","protected":false},"excerpt":{"rendered":"<p>Bienvenido a Solara, una empresa peruana l\u00edder dedicada al desarrollo y producci\u00f3n de calceter\u00eda de alta calidad. La fuerza de Solara reside en el conocimiento colectivo y la motivaci\u00f3n de nuestro equipo de colaboradores. A partir de los principales que tienen m\u00e1s de 20 a\u00f1os de experiencia en la fabricaci\u00f3n de diferentes hilos, al conocimiento acumulado de nuestros dise\u00f1adores, mec\u00e1nicos, ingenieros electr\u00f3nicos y personal de producci\u00f3n. El equipo de Solara &hellip; <\/p>\n","protected":false},"author":1,"featured_media":354,"parent":0,"menu_order":0,"comment_status":"closed","ping_status":"closed","template":"page-templates\/aboutus.php","meta":{"footnotes":""},"class_list":["post-10","page","type-page","status-publish","has-post-thumbnail","hentry"],"jetpack_sharing_enabled":true,"_links":{"self":[{"href":"https:\/\/www.solara-hosiery.com\/es\/wp-json\/wp\/v2\/pages\/10","targetHints":{"allow":["GET"]}}],"collection":[{"href":"https:\/\/www.solara-hosiery.com\/es\/wp-json\/wp\/v2\/pages"}],"about":[{"href":"https:\/\/www.solara-hosiery.com\/es\/wp-json\/wp\/v2\/types\/page"}],"author":[{"embeddable":true,"href":"https:\/\/www.solara-hosiery.com\/es\/wp-json\/wp\/v2\/users\/1"}],"replies":[{"embeddable":true,"href":"https:\/\/www.solara-hosiery.com\/es\/wp-json\/wp\/v2\/comments?post=10"}],"version-history":[{"count":34,"href":"https:\/\/www.solara-hosiery.com\/es\/wp-json\/wp\/v2\/pages\/10\/revisions"}],"predecessor-version":[{"id":515,"href":"https:\/\/www.solara-hosiery.com\/es\/wp-json\/wp\/v2\/pages\/10\/revisions\/515"}],"wp:featuredmedia":[{"embeddable":true,"href":"https:\/\/www.solara-hosiery.com\/es\/wp-json\/wp\/v2\/media\/354"}],"wp:attachment":[{"href":"https:\/\/www.solara-hosiery.com\/es\/wp-json\/wp\/v2\/media?parent=10"}],"curies":[{"name":"wp","href":"https:\/\/api.w.org\/{rel}","templated":true}]}}